{"id":149,"date":"2025-08-20T12:04:18","date_gmt":"2025-08-20T12:04:18","guid":{"rendered":"https:\/\/lonellaperonnet.com\/?page_id=149"},"modified":"2026-01-18T14:38:36","modified_gmt":"2026-01-18T14:38:36","slug":"portrait","status":"publish","type":"page","link":"https:\/\/lonellaperonnet.com\/?page_id=149","title":{"rendered":"Portrait"},"content":{"rendered":"\n<div class=\"wp-block-cover is-light has-aspect-ratio\" style=\"margin-top:0px;margin-bottom:0px;padding-top:var(--wp--preset--spacing--40);padding-right:0;padding-bottom:var(--wp--preset--spacing--40);padding-left:0;min-height:265px;aspect-ratio:auto;min-height:unset;\"><img loading=\"lazy\" decoding=\"async\" width=\"2560\" height=\"1440\" class=\"wp-block-cover__image-background wp-image-165 size-full\" alt=\"\" src=\"https:\/\/lonellaperonnet.com\/wp-content\/uploads\/2025\/08\/DSC01522-1-scaled.jpg\" style=\"object-position:29% 61%\" data-object-fit=\"cover\" data-object-position=\"29% 61%\" srcset=\"https:\/\/lonellaperonnet.com\/wp-content\/uploads\/2025\/08\/DSC01522-1-scaled.jpg 2560w, https:\/\/lonellaperonnet.com\/wp-content\/uploads\/2025\/08\/DSC01522-1-300x169.jpg 300w, https:\/\/lonellaperonnet.com\/wp-content\/uploads\/2025\/08\/DSC01522-1-1024x576.jpg 1024w, https:\/\/lonellaperonnet.com\/wp-content\/uploads\/2025\/08\/DSC01522-1-768x432.jpg 768w, https:\/\/lonellaperonnet.com\/wp-content\/uploads\/2025\/08\/DSC01522-1-1536x864.jpg 1536w, https:\/\/lonellaperonnet.com\/wp-content\/uploads\/2025\/08\/DSC01522-1-2048x1152.jpg 2048w\" sizes=\"auto, (max-width: 2560px) 100vw, 2560px\" \/><span aria-hidden=\"true\" class=\"wp-block-cover__background has-background-dim-30 has-background-dim\" style=\"background-color:#9c9480\"><\/span><div class=\"wp-block-cover__inner-container is-layout-flow wp-container-core-cover-is-layout-eaf65f1a wp-block-cover-is-layout-flow\">\n<p class=\"has-text-align-center has-background-color has-text-color has-link-color has-cormorant-garamond-font-family has-extra-large-font-size wp-elements-ade50c2596d20402954506da42daa22a\"><strong>Portrait<\/strong><\/p>\n<\/div><\/div>\n\n\n\n<h1 class=\"wp-block-heading has-nunito-font-family has-regular-font-size\" style=\"letter-spacing:2px\">CHOISISSEZ<\/h1>\n\n\n\n<h1 class=\"wp-block-heading\" style=\"border-style:none;border-width:0px;margin-top:var(--wp--preset--spacing--10);margin-bottom:var(--wp--preset--spacing--10)\"><strong>Votre <\/strong>S\u00e9ance<\/h1>\n\n\n\n<p>La nature est un cadre id\u00e9al : lumi\u00e8re et paysages cr\u00e9ent une <strong>atmosph\u00e8re authentique<\/strong> qui sublime chaque portrait. Ces s\u00e9ances sont pens\u00e9es pour capturer vos \u00e9motions dans un cadre naturel, que vous soyez seule, en couple, en famille, entre amis ou accompagn\u00e9e de votre animal.<\/p>\n\n\n\n<div class=\"wp-block-columns is-layout-flex wp-container-core-columns-is-layout-28f84493 wp-block-columns-is-layout-flex\">\n<div class=\"wp-block-column is-layout-flow wp-block-column-is-layout-flow\">\n<h2 class=\"wp-block-heading has-text-align-center\">Seul.e<\/h2>\n\n\n\n<figure class=\"wp-block-image size-large is-resized\"><img loading=\"lazy\" decoding=\"async\" width=\"1921\" height=\"2560\" src=\"https:\/\/lonellaperonnet.com\/wp-content\/uploads\/2026\/01\/DSC03384-edited-scaled.jpg\" alt=\"\" class=\"wp-image-446\" style=\"aspect-ratio:0.75;object-fit:cover;width:360px;height:auto\" srcset=\"https:\/\/lonellaperonnet.com\/wp-content\/uploads\/2026\/01\/DSC03384-edited-scaled.jpg 1921w, https:\/\/lonellaperonnet.com\/wp-content\/uploads\/2026\/01\/DSC03384-edited-225x300.jpg 225w, https:\/\/lonellaperonnet.com\/wp-content\/uploads\/2026\/01\/DSC03384-edited-768x1023.jpg 768w, https:\/\/lonellaperonnet.com\/wp-content\/uploads\/2026\/01\/DSC03384-edited-1153x1536.jpg 1153w, https:\/\/lonellaperonnet.com\/wp-content\/uploads\/2026\/01\/DSC03384-edited-1537x2048.jpg 1537w\" sizes=\"auto, (max-width: 1921px) 100vw, 1921px\" \/><\/figure>\n\n\n\n<p class=\"has-text-align-center\">Au c\u0153ur de la nature, r\u00e9v\u00e9lez-vous et laissez parler votre authenticit\u00e9. Entour\u00e9.e de fleurs, de for\u00eat ou d&#8217;eau, ne faites qu&#8217;un avec votre environnement.<\/p>\n<\/div>\n\n\n\n<div class=\"wp-block-column is-layout-flow wp-block-column-is-layout-flow\">\n<h2 class=\"wp-block-heading has-text-align-center\">En couple<\/h2>\n\n\n\n<figure class=\"wp-block-image size-large is-resized\"><img loading=\"lazy\" decoding=\"async\" width=\"1921\" height=\"2560\" src=\"https:\/\/lonellaperonnet.com\/wp-content\/uploads\/2026\/01\/IMG_2087-edited-scaled.jpg\" alt=\"\" class=\"wp-image-448\" style=\"aspect-ratio:3\/4;object-fit:cover;width:360px;height:auto\" srcset=\"https:\/\/lonellaperonnet.com\/wp-content\/uploads\/2026\/01\/IMG_2087-edited-scaled.jpg 1921w, https:\/\/lonellaperonnet.com\/wp-content\/uploads\/2026\/01\/IMG_2087-edited-225x300.jpg 225w, https:\/\/lonellaperonnet.com\/wp-content\/uploads\/2026\/01\/IMG_2087-edited-768x1024.jpg 768w, https:\/\/lonellaperonnet.com\/wp-content\/uploads\/2026\/01\/IMG_2087-edited-1152x1536.jpg 1152w, https:\/\/lonellaperonnet.com\/wp-content\/uploads\/2026\/01\/IMG_2087-edited-1537x2048.jpg 1537w\" sizes=\"auto, (max-width: 1921px) 100vw, 1921px\" \/><\/figure>\n\n\n\n<p class=\"has-text-align-center\">Une parenth\u00e8se \u00e0 deux, entour\u00e9s par la beaut\u00e9 des paysages, pour mettre en avant votre complicit\u00e9. Que ce soit pour cr\u00e9er un beau <strong>souvenir<\/strong>, pour des <strong>fian\u00e7ailles<\/strong> ou pour immortaliser les <strong>tenues de mariage<\/strong>.<\/p>\n<\/div>\n\n\n\n<div class=\"wp-block-column is-layout-flow wp-block-column-is-layout-flow\">\n<h2 class=\"wp-block-heading has-text-align-center\">En famille \/ Entre amis<\/h2>\n\n\n\n<figure class=\"wp-block-image size-large is-resized\"><img loading=\"lazy\" decoding=\"async\" width=\"683\" height=\"1024\" src=\"https:\/\/lonellaperonnet.com\/wp-content\/uploads\/2025\/08\/DSC04815-683x1024.jpg\" alt=\"\" class=\"wp-image-157\" style=\"aspect-ratio:3\/4;object-fit:cover;width:360px;height:auto\" srcset=\"https:\/\/lonellaperonnet.com\/wp-content\/uploads\/2025\/08\/DSC04815-683x1024.jpg 683w, https:\/\/lonellaperonnet.com\/wp-content\/uploads\/2025\/08\/DSC04815-200x300.jpg 200w, https:\/\/lonellaperonnet.com\/wp-content\/uploads\/2025\/08\/DSC04815-768x1152.jpg 768w, https:\/\/lonellaperonnet.com\/wp-content\/uploads\/2025\/08\/DSC04815-1024x1536.jpg 1024w, https:\/\/lonellaperonnet.com\/wp-content\/uploads\/2025\/08\/DSC04815.jpg 1365w\" sizes=\"auto, (max-width: 683px) 100vw, 683px\" \/><\/figure>\n\n\n\n<p class=\"has-text-align-center\">Des instants vrais, des rires partag\u00e9s dans un d\u00e9cor naturel, pour cr\u00e9er des souvenirs chaleureux. Je propose \u00e9galement de vous <strong>accompagner sur une activit\u00e9 ext\u00e9rieure <\/strong>(balade, cano\u00eb, escalade&#8230;) en devis personnalis\u00e9.<\/p>\n<\/div>\n<\/div>\n\n\n\n<div style=\"height:25px\" aria-hidden=\"true\" class=\"wp-block-spacer\"><\/div>\n\n\n\n<h1 class=\"wp-block-heading has-nunito-font-family has-regular-font-size\" style=\"letter-spacing:2px\">CHOISISSEZ<\/h1>\n\n\n\n<h1 class=\"wp-block-heading\" style=\"border-style:none;border-width:0px;margin-top:var(--wp--preset--spacing--10);margin-bottom:var(--wp--preset--spacing--10)\"><strong>Votre Formule<\/strong><\/h1>\n\n\n\n<div class=\"wp-block-columns is-layout-flex wp-container-core-columns-is-layout-28f84493 wp-block-columns-is-layout-flex\">\n<div class=\"wp-block-column is-layout-flow wp-block-column-is-layout-flow\">\n<figure class=\"wp-block-image size-large\"><img loading=\"lazy\" decoding=\"async\" width=\"819\" height=\"1024\" src=\"https:\/\/lonellaperonnet.com\/wp-content\/uploads\/2025\/08\/Untitled-1-01-819x1024.png\" alt=\"\" class=\"wp-image-103\" srcset=\"https:\/\/lonellaperonnet.com\/wp-content\/uploads\/2025\/08\/Untitled-1-01-819x1024.png 819w, https:\/\/lonellaperonnet.com\/wp-content\/uploads\/2025\/08\/Untitled-1-01-240x300.png 240w, https:\/\/lonellaperonnet.com\/wp-content\/uploads\/2025\/08\/Untitled-1-01-768x960.png 768w, https:\/\/lonellaperonnet.com\/wp-content\/uploads\/2025\/08\/Untitled-1-01.png 1080w\" sizes=\"auto, (max-width: 819px) 100vw, 819px\" \/><\/figure>\n<\/div>\n\n\n\n<div class=\"wp-block-column is-layout-flow wp-block-column-is-layout-flow\">\n<figure class=\"wp-block-image size-large\"><img loading=\"lazy\" decoding=\"async\" width=\"819\" height=\"1024\" src=\"https:\/\/lonellaperonnet.com\/wp-content\/uploads\/2025\/08\/Untitled-1-02-819x1024.png\" alt=\"\" class=\"wp-image-104\" srcset=\"https:\/\/lonellaperonnet.com\/wp-content\/uploads\/2025\/08\/Untitled-1-02-819x1024.png 819w, https:\/\/lonellaperonnet.com\/wp-content\/uploads\/2025\/08\/Untitled-1-02-240x300.png 240w, https:\/\/lonellaperonnet.com\/wp-content\/uploads\/2025\/08\/Untitled-1-02-768x960.png 768w, https:\/\/lonellaperonnet.com\/wp-content\/uploads\/2025\/08\/Untitled-1-02.png 1080w\" sizes=\"auto, (max-width: 819px) 100vw, 819px\" \/><\/figure>\n<\/div>\n\n\n\n<div class=\"wp-block-column is-layout-flow wp-block-column-is-layout-flow\">\n<figure class=\"wp-block-image size-large\"><img loading=\"lazy\" decoding=\"async\" width=\"819\" height=\"1024\" src=\"https:\/\/lonellaperonnet.com\/wp-content\/uploads\/2025\/08\/Untitled-1-03-1-819x1024.png\" alt=\"\" class=\"wp-image-107\" srcset=\"https:\/\/lonellaperonnet.com\/wp-content\/uploads\/2025\/08\/Untitled-1-03-1-819x1024.png 819w, https:\/\/lonellaperonnet.com\/wp-content\/uploads\/2025\/08\/Untitled-1-03-1-240x300.png 240w, https:\/\/lonellaperonnet.com\/wp-content\/uploads\/2025\/08\/Untitled-1-03-1-768x960.png 768w, https:\/\/lonellaperonnet.com\/wp-content\/uploads\/2025\/08\/Untitled-1-03-1.png 1080w\" sizes=\"auto, (max-width: 819px) 100vw, 819px\" \/><\/figure>\n<\/div>\n<\/div>\n\n\n\n<div class=\"wp-block-buttons is-content-justification-center is-layout-flex wp-container-core-buttons-is-layout-ecbad910 wp-block-buttons-is-layout-flex\" style=\"padding-top:var(--wp--preset--spacing--20);padding-bottom:var(--wp--preset--spacing--20)\">\n<div class=\"wp-block-button\"><a class=\"wp-block-button__link has-text-align-center wp-element-button\" href=\"https:\/\/lonellaperonnet.com\/?page_id=231\">Vous avez \u00e9t\u00e9 conquis.e par l&#8217;une de ces formules ? <br><strong>CLIQUEZ ICI POUR ME CONTACTER<\/strong> <strong>!<\/strong><\/a><\/div>\n<\/div>\n\n\n\n<div class=\"wp-block-media-text is-stacked-on-mobile has-border-box-background-color has-background\"><figure class=\"wp-block-media-text__media\"><img loading=\"lazy\" decoding=\"async\" width=\"1024\" height=\"683\" src=\"https:\/\/lonellaperonnet.com\/wp-content\/uploads\/2026\/01\/DSC03296-1024x683.jpg\" alt=\"\" class=\"wp-image-438 size-full\" srcset=\"https:\/\/lonellaperonnet.com\/wp-content\/uploads\/2026\/01\/DSC03296-1024x683.jpg 1024w, https:\/\/lonellaperonnet.com\/wp-content\/uploads\/2026\/01\/DSC03296-300x200.jpg 300w, https:\/\/lonellaperonnet.com\/wp-content\/uploads\/2026\/01\/DSC03296-768x512.jpg 768w, https:\/\/lonellaperonnet.com\/wp-content\/uploads\/2026\/01\/DSC03296-1536x1024.jpg 1536w, https:\/\/lonellaperonnet.com\/wp-content\/uploads\/2026\/01\/DSC03296-2048x1365.jpg 2048w\" sizes=\"auto, (max-width: 1024px) 100vw, 1024px\" \/><\/figure><div class=\"wp-block-media-text__content\">\n<p>Vous souhaitez \u00eatre accompagn\u00e9s lors d&#8217;une activit\u00e9 en ext\u00e9rieur ?<\/p>\n\n\n\n<ul class=\"wp-block-list\">\n<li>Randonn\u00e9e en famille<\/li>\n\n\n\n<li>Sortie en kayak, escalade&#8230;<\/li>\n\n\n\n<li>Photos entre amis, famille dans un lieu exceptionnel <\/li>\n<\/ul>\n\n\n\n<div style=\"height:33px\" aria-hidden=\"true\" class=\"wp-block-spacer\"><\/div>\n\n\n\n<div class=\"wp-block-buttons is-content-justification-center is-layout-flex wp-container-core-buttons-is-layout-a89b3969 wp-block-buttons-is-layout-flex\">\n<div class=\"wp-block-button\"><a class=\"wp-block-button__link has-text-align-center wp-element-button\"><strong>CLIQUEZ ICI POUR UN DEVIS PERSONNALIS\u00c9<\/strong><\/a><\/div>\n<\/div>\n<\/div><\/div>\n\n\n\n<p class=\"has-text-align-left\">Chaque s\u00e9ance est bien plus qu\u2019un simple rendez-vous photo : c\u2019est un moment construit avec vous, \u00e0 votre image.<br><br>Avant la prise de vue, je prends le temps de :<\/p>\n\n\n\n<ul class=\"wp-block-list\">\n<li>Cr\u00e9er un <strong>journal d\u2019inspiration<\/strong>, afin de d\u00e9finir ensemble l\u2019univers, l\u2019ambiance, les tenues et les poses que vous souhaitez retrouver dans vos images.<\/li>\n\n\n\n<li>Valider les<strong> lieux<\/strong> de la s\u00e9ance, pour qu\u2019ils correspondent \u00e0 vos envies et qu&#8217;ils aient une r\u00e9elle signification pour vous. Je privil\u00e9gie des s\u00e9ances <strong>en ext\u00e9rieur<\/strong> pour profiter pleinement de la lumi\u00e8re naturelle.<\/li>\n<\/ul>\n\n\n\n<p class=\"has-text-align-left\">Bas\u00e9e en <strong>Franche-Comt\u00e9<\/strong>, je me d\u00e9place \u00e9galement en <strong>Suisse<\/strong> et dans les r\u00e9gions voisines, avec un l\u00e9ger suppl\u00e9ment pour couvrir le trajet. Je reste ouverte pour des pays voisins, il faudra cependant s&#8217;entretenir ensemble et cr\u00e9er un devis personnalis\u00e9. <\/p>\n","protected":false},"excerpt":{"rendered":"<p>CHOISISSEZ Votre S\u00e9ance La nature est un cadre id\u00e9al : lumi\u00e8re et paysages cr\u00e9ent une [&hellip;]<\/p>\n","protected":false},"author":1,"featured_media":0,"parent":43,"menu_order":0,"comment_status":"closed","ping_status":"closed","template":"","meta":{"ngg_post_thumbnail":0,"footnotes":""},"class_list":["post-149","page","type-page","status-publish","hentry"],"_links":{"self":[{"href":"https:\/\/lonellaperonnet.com\/index.php?rest_route=\/wp\/v2\/pages\/149","targetHints":{"allow":["GET"]}}],"collection":[{"href":"https:\/\/lonellaperonnet.com\/index.php?rest_route=\/wp\/v2\/pages"}],"about":[{"href":"https:\/\/lonellaperonnet.com\/index.php?rest_route=\/wp\/v2\/types\/page"}],"author":[{"embeddable":true,"href":"https:\/\/lonellaperonnet.com\/index.php?rest_route=\/wp\/v2\/users\/1"}],"replies":[{"embeddable":true,"href":"https:\/\/lonellaperonnet.com\/index.php?rest_route=%2Fwp%2Fv2%2Fcomments&post=149"}],"version-history":[{"count":23,"href":"https:\/\/lonellaperonnet.com\/index.php?rest_route=\/wp\/v2\/pages\/149\/revisions"}],"predecessor-version":[{"id":449,"href":"https:\/\/lonellaperonnet.com\/index.php?rest_route=\/wp\/v2\/pages\/149\/revisions\/449"}],"up":[{"embeddable":true,"href":"https:\/\/lonellaperonnet.com\/index.php?rest_route=\/wp\/v2\/pages\/43"}],"wp:attachment":[{"href":"https:\/\/lonellaperonnet.com\/index.php?rest_route=%2Fwp%2Fv2%2Fmedia&parent=149"}],"curies":[{"name":"wp","href":"https:\/\/api.w.org\/{rel}","templated":true}]}}