{"id":175,"date":"2025-08-20T14:45:08","date_gmt":"2025-08-20T14:45:08","guid":{"rendered":"https:\/\/lonellaperonnet.com\/?page_id=175"},"modified":"2025-08-21T15:03:20","modified_gmt":"2025-08-21T15:03:20","slug":"outdoor","status":"publish","type":"page","link":"https:\/\/lonellaperonnet.com\/?page_id=175","title":{"rendered":"Outdoor"},"content":{"rendered":"\n<div class=\"wp-block-cover\" style=\"padding-top:0;padding-right:0;padding-bottom:0;padding-left:0;min-height:239px;aspect-ratio:unset;\"><img loading=\"lazy\" decoding=\"async\" width=\"1024\" height=\"683\" class=\"wp-block-cover__image-background wp-image-176 size-large\" alt=\"\" src=\"https:\/\/lonellaperonnet.com\/wp-content\/uploads\/2025\/08\/IMG_5639-2-1024x683.jpg\" style=\"object-position:55% 77%\" data-object-fit=\"cover\" data-object-position=\"55% 77%\" srcset=\"https:\/\/lonellaperonnet.com\/wp-content\/uploads\/2025\/08\/IMG_5639-2-1024x683.jpg 1024w, https:\/\/lonellaperonnet.com\/wp-content\/uploads\/2025\/08\/IMG_5639-2-300x200.jpg 300w, https:\/\/lonellaperonnet.com\/wp-content\/uploads\/2025\/08\/IMG_5639-2-768x512.jpg 768w, https:\/\/lonellaperonnet.com\/wp-content\/uploads\/2025\/08\/IMG_5639-2-1536x1024.jpg 1536w, https:\/\/lonellaperonnet.com\/wp-content\/uploads\/2025\/08\/IMG_5639-2-2048x1365.jpg 2048w\" sizes=\"auto, (max-width: 1024px) 100vw, 1024px\" \/><span aria-hidden=\"true\" class=\"wp-block-cover__background has-background-dim-30 has-background-dim\" style=\"background-color:#897959\"><\/span><div class=\"wp-block-cover__inner-container is-layout-constrained wp-container-core-cover-is-layout-639b5052 wp-block-cover-is-layout-constrained\">\n<p class=\"has-text-align-center has-background-color has-text-color has-link-color has-cormorant-garamond-font-family has-extra-large-font-size wp-elements-87c3aff74707aa1af9765c4c92b84ac7\"><strong>Outdoor<\/strong><\/p>\n<\/div><\/div>\n\n\n\n<p>Photographier de l&#8217;Outdoor, c\u2019est raconter une <strong>histoire d\u2019aventure<\/strong> en pleine nature. Mon approche met en avant la<strong> connexion entre l\u2019humain et l\u2019environnement,<\/strong> en cr\u00e9ant des images qui refl\u00e8tent les valeurs de libert\u00e9, de mouvement et de respect de la nature.<\/p>\n\n\n\n<p>Que ce soit pour des v\u00eatements techniques, des accessoires outdoor ou des objets de savoir-faire artisanal, je capture en harmonie avec les valeurs de votre marque et l\u2019univers que vous souhaitez partager.<\/p>\n\n\n\n<div class=\"wp-block-columns is-layout-flex wp-container-core-columns-is-layout-28f84493 wp-block-columns-is-layout-flex\">\n<div class=\"wp-block-column is-layout-flow wp-block-column-is-layout-flow\">\n<h2 class=\"wp-block-heading has-text-align-center\">Sportif \/ Sportive<\/h2>\n\n\n\n<figure class=\"wp-block-image aligncenter size-large is-resized\"><img loading=\"lazy\" decoding=\"async\" width=\"683\" height=\"1024\" src=\"https:\/\/lonellaperonnet.com\/wp-content\/uploads\/2025\/08\/DSC07074-1-683x1024.jpg\" alt=\"\" class=\"wp-image-194\" style=\"width:414px;height:auto\" srcset=\"https:\/\/lonellaperonnet.com\/wp-content\/uploads\/2025\/08\/DSC07074-1-683x1024.jpg 683w, https:\/\/lonellaperonnet.com\/wp-content\/uploads\/2025\/08\/DSC07074-1-200x300.jpg 200w, https:\/\/lonellaperonnet.com\/wp-content\/uploads\/2025\/08\/DSC07074-1-768x1152.jpg 768w, https:\/\/lonellaperonnet.com\/wp-content\/uploads\/2025\/08\/DSC07074-1-1024x1536.jpg 1024w, https:\/\/lonellaperonnet.com\/wp-content\/uploads\/2025\/08\/DSC07074-1.jpg 1365w\" sizes=\"auto, (max-width: 683px) 100vw, 683px\" \/><\/figure>\n\n\n\n<p class=\"has-text-align-center\">Retrouvez l\u2019intensit\u00e9, la concentration, la puissance de vos performances \u00e0 travers des clich\u00e9s intemporels. Chaque image raconte une histoire de d\u00e9passement de soi, d\u2019effort et de passion.<\/p>\n<\/div>\n\n\n\n<div class=\"wp-block-column is-layout-flow wp-block-column-is-layout-flow\">\n<h2 class=\"wp-block-heading has-text-align-center\">Marque<\/h2>\n\n\n\n<figure class=\"wp-block-image aligncenter size-large is-resized\"><img loading=\"lazy\" decoding=\"async\" width=\"683\" height=\"1024\" src=\"https:\/\/lonellaperonnet.com\/wp-content\/uploads\/2025\/08\/Cederberg3-683x1024.jpg\" alt=\"\" class=\"wp-image-190\" style=\"width:417px;height:auto\" srcset=\"https:\/\/lonellaperonnet.com\/wp-content\/uploads\/2025\/08\/Cederberg3-683x1024.jpg 683w, https:\/\/lonellaperonnet.com\/wp-content\/uploads\/2025\/08\/Cederberg3-200x300.jpg 200w, https:\/\/lonellaperonnet.com\/wp-content\/uploads\/2025\/08\/Cederberg3-768x1152.jpg 768w, https:\/\/lonellaperonnet.com\/wp-content\/uploads\/2025\/08\/Cederberg3-1024x1536.jpg 1024w, https:\/\/lonellaperonnet.com\/wp-content\/uploads\/2025\/08\/Cederberg3-1365x2048.jpg 1365w, https:\/\/lonellaperonnet.com\/wp-content\/uploads\/2025\/08\/Cederberg3-scaled.jpg 1707w\" sizes=\"auto, (max-width: 683px) 100vw, 683px\" \/><\/figure>\n\n\n\n<p class=\"has-text-align-center\">Je donne vie \u00e0 votre univers en refl\u00e9tant l&#8217;identit\u00e9 de votre marque. <br>L\u2019authenticit\u00e9, la nature et l\u2019\u00e9nergie sont au c\u0153ur de chaque clich\u00e9, <br>pour transmettre plus qu\u2019un produit : une exp\u00e9rience.<\/p>\n<\/div>\n<\/div>\n\n\n\n<div style=\"height:25px\" aria-hidden=\"true\" class=\"wp-block-spacer\"><\/div>\n\n\n\n<h1 class=\"wp-block-heading has-text-align-center has-nunito-font-family has-regular-font-size\" style=\"letter-spacing:2px\">CR\u00c9ONS ENSEMBLE<\/h1>\n\n\n\n<h1 class=\"wp-block-heading has-text-align-center\" style=\"border-style:none;border-width:0px;margin-top:var(--wp--preset--spacing--10);margin-bottom:var(--wp--preset--spacing--10)\"><strong>Votre Devis<\/strong> Personnalis\u00e9<\/h1>\n\n\n\n<div class=\"wp-block-buttons is-content-justification-center is-layout-flex wp-container-core-buttons-is-layout-ecbad910 wp-block-buttons-is-layout-flex\" style=\"padding-top:var(--wp--preset--spacing--20);padding-bottom:var(--wp--preset--spacing--20)\">\n<div class=\"wp-block-button\"><a class=\"wp-block-button__link has-text-align-center wp-element-button\" href=\"https:\/\/lonellaperonnet.com\/?page_id=269\">Vous \u00eates pr\u00eat \u00e0 vivre cette aventure avec moi ? <br><strong>CLIQUEZ ICI POUR ME CONTACTER<\/strong> <strong>!<\/strong><\/a><\/div>\n<\/div>\n\n\n\n<p class=\"has-text-align-left\"><\/p>\n","protected":false},"excerpt":{"rendered":"<p>Photographier de l&#8217;Outdoor, c\u2019est raconter une histoire d\u2019aventure en pleine nature. Mon approche met en [&hellip;]<\/p>\n","protected":false},"author":1,"featured_media":0,"parent":0,"menu_order":0,"comment_status":"closed","ping_status":"closed","template":"","meta":{"ngg_post_thumbnail":0,"footnotes":""},"class_list":["post-175","page","type-page","status-publish","hentry"],"_links":{"self":[{"href":"https:\/\/lonellaperonnet.com\/index.php?rest_route=\/wp\/v2\/pages\/175","targetHints":{"allow":["GET"]}}],"collection":[{"href":"https:\/\/lonellaperonnet.com\/index.php?rest_route=\/wp\/v2\/pages"}],"about":[{"href":"https:\/\/lonellaperonnet.com\/index.php?rest_route=\/wp\/v2\/types\/page"}],"author":[{"embeddable":true,"href":"https:\/\/lonellaperonnet.com\/index.php?rest_route=\/wp\/v2\/users\/1"}],"replies":[{"embeddable":true,"href":"https:\/\/lonellaperonnet.com\/index.php?rest_route=%2Fwp%2Fv2%2Fcomments&post=175"}],"version-history":[{"count":10,"href":"https:\/\/lonellaperonnet.com\/index.php?rest_route=\/wp\/v2\/pages\/175\/revisions"}],"predecessor-version":[{"id":273,"href":"https:\/\/lonellaperonnet.com\/index.php?rest_route=\/wp\/v2\/pages\/175\/revisions\/273"}],"wp:attachment":[{"href":"https:\/\/lonellaperonnet.com\/index.php?rest_route=%2Fwp%2Fv2%2Fmedia&parent=175"}],"curies":[{"name":"wp","href":"https:\/\/api.w.org\/{rel}","templated":true}]}}