{"id":231,"date":"2025-08-21T13:40:00","date_gmt":"2025-08-21T13:40:00","guid":{"rendered":"https:\/\/lonellaperonnet.com\/?page_id=231"},"modified":"2025-08-21T14:19:19","modified_gmt":"2025-08-21T14:19:19","slug":"231-2","status":"publish","type":"page","link":"https:\/\/lonellaperonnet.com\/?page_id=231","title":{"rendered":"Formules portraits"},"content":{"rendered":"\n<h2 class=\"wp-block-heading\">Contactez-moi !<\/h2>\n\n\n\n<div class=\"wp-block-columns has-section-background-background-color has-background is-layout-flex wp-container-core-columns-is-layout-28f84493 wp-block-columns-is-layout-flex\">\n<div class=\"wp-block-column is-layout-flow wp-block-column-is-layout-flow\"><style id=\"wpforms-css-vars-228-block-83b1f852-7455-426d-9013-708ac865c9ee\">\n\t\t\t\t#wpforms-228.wpforms-block-83b1f852-7455-426d-9013-708ac865c9ee {\n\t\t\t\t--wpforms-field-size-input-height: 43px;\n--wpforms-field-size-input-spacing: 15px;\n--wpforms-field-size-font-size: 16px;\n--wpforms-field-size-line-height: 19px;\n--wpforms-field-size-padding-h: 14px;\n--wpforms-field-size-checkbox-size: 16px;\n--wpforms-field-size-sublabel-spacing: 5px;\n--wpforms-field-size-icon-size: 1;\n--wpforms-label-size-font-size: 16px;\n--wpforms-label-size-line-height: 19px;\n--wpforms-label-size-sublabel-font-size: 14px;\n--wpforms-label-size-sublabel-line-height: 17px;\n--wpforms-button-size-font-size: 17px;\n--wpforms-button-size-height: 41px;\n--wpforms-button-size-padding-h: 15px;\n--wpforms-button-size-margin-top: 10px;\n\n\t\t\t}\n\t\t\t<\/style><div class=\"wpforms-container wpforms-container-full wpforms-block wpforms-block-83b1f852-7455-426d-9013-708ac865c9ee wpforms-render-modern\" id=\"wpforms-228\"><form id=\"wpforms-form-228\" class=\"wpforms-validate wpforms-form wpforms-ajax-form\" data-formid=\"228\" method=\"post\" enctype=\"multipart\/form-data\" action=\"\/index.php?rest_route=%2Fwp%2Fv2%2Fpages%2F231\" data-token=\"91ca0226c53f113c837d16ca005387d9\" data-token-time=\"1776431292\"><noscript class=\"wpforms-error-noscript\">Please enable JavaScript in your browser to complete this form.<\/noscript><div id=\"wpforms-error-noscript\" style=\"display: none;\">Please enable JavaScript in your browser to complete this form.<\/div><div class=\"wpforms-field-container\"><div id=\"wpforms-228-field_1-container\" class=\"wpforms-field wpforms-field-name\" data-field-id=\"1\"><label class=\"wpforms-field-label\" for=\"wpforms-228-field_1\">Nom et Pr\u00e9nom <span class=\"wpforms-required-label\" aria-hidden=\"true\">*<\/span><\/label><input type=\"text\" id=\"wpforms-228-field_1\" class=\"wpforms-field-medium wpforms-field-required\" name=\"wpforms[fields][1]\" aria-errormessage=\"wpforms-228-field_1-error\" required><\/div><div id=\"wpforms-228-field_2-container\" class=\"wpforms-field wpforms-field-email\" data-field-id=\"2\"><label class=\"wpforms-field-label\" for=\"wpforms-228-field_2\">Email <span class=\"wpforms-required-label\" aria-hidden=\"true\">*<\/span><\/label><input type=\"email\" id=\"wpforms-228-field_2\" class=\"wpforms-field-medium wpforms-field-required\" name=\"wpforms[fields][2]\" spellcheck=\"false\" aria-errormessage=\"wpforms-228-field_2-error\" required><\/div>\t\t<div id=\"wpforms-228-field_7-container\"\n\t\t\tclass=\"wpforms-field wpforms-field-text\"\n\t\t\tdata-field-type=\"text\"\n\t\t\tdata-field-id=\"7\"\n\t\t\t>\n\t\t\t<label class=\"wpforms-field-label\" for=\"wpforms-228-field_7\" >personnalis\u00e9e Email Nom<\/label>\n\t\t\t<input type=\"text\" id=\"wpforms-228-field_7\" class=\"wpforms-field-medium\" name=\"wpforms[fields][7]\" >\n\t\t<\/div>\n\t\t<div id=\"wpforms-228-field_3-container\" class=\"wpforms-field wpforms-field-number\" data-field-id=\"3\"><label class=\"wpforms-field-label\" for=\"wpforms-228-field_3\">Num\u00e9ro de t\u00e9l\u00e9phone <span class=\"wpforms-required-label\" aria-hidden=\"true\">*<\/span><\/label><input type=\"number\" id=\"wpforms-228-field_3\" class=\"wpforms-field-medium wpforms-field-required\" name=\"wpforms[fields][3]\" step=\"any\" aria-errormessage=\"wpforms-228-field_3-error\" required><\/div><div id=\"wpforms-228-field_4-container\" class=\"wpforms-field wpforms-field-select wpforms-field-select-style-classic\" data-field-id=\"4\"><label class=\"wpforms-field-label\" for=\"wpforms-228-field_4\">Type <span class=\"wpforms-required-label\" aria-hidden=\"true\">*<\/span><\/label><select id=\"wpforms-228-field_4\" class=\"wpforms-field-medium wpforms-field-required\" name=\"wpforms[fields][4]\" required=\"required\"><option value=\"\" class=\"placeholder\" disabled  selected='selected'>&#8212; Select Choice &#8212;<\/option><option value=\"Portrait\" >Portrait<\/option><option value=\"Maternit\u00e9\" >Maternit\u00e9<\/option><\/select><\/div><div id=\"wpforms-228-field_5-container\" class=\"wpforms-field wpforms-field-select wpforms-field-select-style-classic\" data-field-id=\"5\"><label class=\"wpforms-field-label\" for=\"wpforms-228-field_5\">S\u00e9ance <span class=\"wpforms-required-label\" aria-hidden=\"true\">*<\/span><\/label><select id=\"wpforms-228-field_5\" class=\"wpforms-field-medium wpforms-field-required\" name=\"wpforms[fields][5]\" required=\"required\"><option value=\"\" class=\"placeholder\" disabled  selected='selected'>&#8212; Select Choice &#8212;<\/option><option value=\"Seul.e\" >Seul.e<\/option><option value=\"En Couple\" >En Couple<\/option><option value=\"En Famille\" >En Famille<\/option><option value=\"Entre amis\" >Entre amis<\/option><\/select><\/div><div id=\"wpforms-228-field_6-container\" class=\"wpforms-field wpforms-field-checkbox\" data-field-id=\"6\"><fieldset><legend class=\"wpforms-field-label\">Avec mon animal<\/legend><ul id=\"wpforms-228-field_6\"><li class=\"choice-1 depth-1\"><input type=\"checkbox\" id=\"wpforms-228-field_6_1\" name=\"wpforms[fields][6][]\" value=\"Oui\" aria-errormessage=\"wpforms-228-field_6_1-error\"  ><label class=\"wpforms-field-label-inline\" for=\"wpforms-228-field_6_1\">Oui<\/label><\/li><\/ul><\/fieldset><\/div><div id=\"wpforms-228-field_8-container\" class=\"wpforms-field wpforms-field-select wpforms-field-select-style-classic\" data-field-id=\"8\"><label class=\"wpforms-field-label\" for=\"wpforms-228-field_8\">Formule <span class=\"wpforms-required-label\" aria-hidden=\"true\">*<\/span><\/label><select id=\"wpforms-228-field_8\" class=\"wpforms-field-medium wpforms-field-required\" name=\"wpforms[fields][8]\" required=\"required\"><option value=\"\" class=\"placeholder\" disabled  selected='selected'>&#8212; Select Choice &#8212;<\/option><option value=\"Essentielle\" >Essentielle<\/option><option value=\"Evasion\" >Evasion<\/option><option value=\"Aventure\" >Aventure<\/option><option value=\"Personnalis\u00e9e\" >Personnalis\u00e9e<\/option><\/select><\/div><div id=\"wpforms-228-field_9-container\" class=\"wpforms-field wpforms-field-textarea\" data-field-id=\"9\"><label class=\"wpforms-field-label\" for=\"wpforms-228-field_9\">Des attentes particuli\u00e8res ? Envie d&#039;une formule personnalis\u00e9e ? Des disponibilit\u00e9s ou deadlines ?<\/label><textarea id=\"wpforms-228-field_9\" class=\"wpforms-field-medium\" name=\"wpforms[fields][9]\" aria-errormessage=\"wpforms-228-field_9-error\" ><\/textarea><\/div><script>\n\t\t\t\t( function() {\n\t\t\t\t\tconst style = document.createElement( 'style' );\n\t\t\t\t\tstyle.appendChild( document.createTextNode( '#wpforms-228-field_7-container { position: absolute !important; overflow: hidden !important; display: inline !important; height: 1px !important; width: 1px !important; z-index: -1000 !important; padding: 0 !important; } #wpforms-228-field_7-container input { visibility: hidden; } #wpforms-conversational-form-page #wpforms-228-field_7-container label { counter-increment: none; }' ) );\n\t\t\t\t\tdocument.head.appendChild( style );\n\t\t\t\t\tdocument.currentScript?.remove();\n\t\t\t\t} )();\n\t\t\t<\/script><\/div><!-- .wpforms-field-container --><div class=\"wpforms-recaptcha-container wpforms-is-recaptcha wpforms-is-recaptcha-type-v2\" ><div class=\"g-recaptcha\" data-sitekey=\"6LeXya0rAAAAAAAVLZyl6aCfEt9gIST3dLtVQ6iY\"><\/div><input type=\"text\" name=\"g-recaptcha-hidden\" class=\"wpforms-recaptcha-hidden\" style=\"position:absolute!important;clip:rect(0,0,0,0)!important;height:1px!important;width:1px!important;border:0!important;overflow:hidden!important;padding:0!important;margin:0!important;\" data-rule-recaptcha=\"1\"><\/div><div class=\"wpforms-submit-container\" ><input type=\"hidden\" name=\"wpforms[id]\" value=\"228\"><input type=\"hidden\" name=\"page_title\" value=\"\"><input type=\"hidden\" name=\"page_url\" value=\"https:\/\/lonellaperonnet.com\/index.php?rest_route=\/wp\/v2\/pages\/231\"><input type=\"hidden\" name=\"url_referer\" value=\"\"><button type=\"submit\" name=\"wpforms[submit]\" id=\"wpforms-submit-228\" class=\"wpforms-submit\" data-alt-text=\"Envoi en cours...\" data-submit-text=\"Envoyer\" aria-live=\"assertive\" value=\"wpforms-submit\">Envoyer<\/button><img loading=\"lazy\" decoding=\"async\" src=\"https:\/\/lonellaperonnet.com\/wp-content\/plugins\/wpforms-lite\/assets\/images\/submit-spin.svg\" class=\"wpforms-submit-spinner\" style=\"display: none;\" width=\"26\" height=\"26\" alt=\"Loading\"><\/div><\/form><\/div>  <!-- .wpforms-container --><\/div>\n\n\n\n<div class=\"wp-block-column is-layout-flow wp-block-column-is-layout-flow\">\n<figure class=\"wp-block-image size-large\"><img loading=\"lazy\" decoding=\"async\" width=\"683\" height=\"1024\" src=\"http:\/\/lonellaperonnet.com\/wp-content\/uploads\/2025\/08\/DSC09921-1-683x1024.jpg\" alt=\"\" class=\"wp-image-247\" srcset=\"https:\/\/lonellaperonnet.com\/wp-content\/uploads\/2025\/08\/DSC09921-1-683x1024.jpg 683w, https:\/\/lonellaperonnet.com\/wp-content\/uploads\/2025\/08\/DSC09921-1-200x300.jpg 200w, https:\/\/lonellaperonnet.com\/wp-content\/uploads\/2025\/08\/DSC09921-1-768x1152.jpg 768w, https:\/\/lonellaperonnet.com\/wp-content\/uploads\/2025\/08\/DSC09921-1-1024x1536.jpg 1024w, https:\/\/lonellaperonnet.com\/wp-content\/uploads\/2025\/08\/DSC09921-1-scaled.jpg 1707w\" sizes=\"auto, (max-width: 683px) 100vw, 683px\" \/><\/figure>\n<\/div>\n<\/div>\n\n\n\n<div class=\"wp-block-columns is-layout-flex wp-container-core-columns-is-layout-28f84493 wp-block-columns-is-layout-flex\">\n<div class=\"wp-block-column is-layout-flow wp-block-column-is-layout-flow\">\n<figure class=\"wp-block-image size-large\"><img loading=\"lazy\" decoding=\"async\" width=\"819\" height=\"1024\" src=\"https:\/\/lonellaperonnet.com\/wp-content\/uploads\/2025\/08\/Untitled-1-01-819x1024.png\" alt=\"\" class=\"wp-image-103\" srcset=\"https:\/\/lonellaperonnet.com\/wp-content\/uploads\/2025\/08\/Untitled-1-01-819x1024.png 819w, https:\/\/lonellaperonnet.com\/wp-content\/uploads\/2025\/08\/Untitled-1-01-240x300.png 240w, https:\/\/lonellaperonnet.com\/wp-content\/uploads\/2025\/08\/Untitled-1-01-768x960.png 768w, https:\/\/lonellaperonnet.com\/wp-content\/uploads\/2025\/08\/Untitled-1-01.png 1080w\" sizes=\"auto, (max-width: 819px) 100vw, 819px\" \/><\/figure>\n<\/div>\n\n\n\n<div class=\"wp-block-column is-layout-flow wp-block-column-is-layout-flow\">\n<figure class=\"wp-block-image size-large\"><img loading=\"lazy\" decoding=\"async\" width=\"819\" height=\"1024\" src=\"https:\/\/lonellaperonnet.com\/wp-content\/uploads\/2025\/08\/Untitled-1-02-819x1024.png\" alt=\"\" class=\"wp-image-104\" srcset=\"https:\/\/lonellaperonnet.com\/wp-content\/uploads\/2025\/08\/Untitled-1-02-819x1024.png 819w, https:\/\/lonellaperonnet.com\/wp-content\/uploads\/2025\/08\/Untitled-1-02-240x300.png 240w, https:\/\/lonellaperonnet.com\/wp-content\/uploads\/2025\/08\/Untitled-1-02-768x960.png 768w, https:\/\/lonellaperonnet.com\/wp-content\/uploads\/2025\/08\/Untitled-1-02.png 1080w\" sizes=\"auto, (max-width: 819px) 100vw, 819px\" \/><\/figure>\n<\/div>\n\n\n\n<div class=\"wp-block-column is-layout-flow wp-block-column-is-layout-flow\">\n<figure class=\"wp-block-image size-large\"><img loading=\"lazy\" decoding=\"async\" width=\"819\" height=\"1024\" src=\"https:\/\/lonellaperonnet.com\/wp-content\/uploads\/2025\/08\/Untitled-1-03-1-819x1024.png\" alt=\"\" class=\"wp-image-107\" srcset=\"https:\/\/lonellaperonnet.com\/wp-content\/uploads\/2025\/08\/Untitled-1-03-1-819x1024.png 819w, https:\/\/lonellaperonnet.com\/wp-content\/uploads\/2025\/08\/Untitled-1-03-1-240x300.png 240w, https:\/\/lonellaperonnet.com\/wp-content\/uploads\/2025\/08\/Untitled-1-03-1-768x960.png 768w, https:\/\/lonellaperonnet.com\/wp-content\/uploads\/2025\/08\/Untitled-1-03-1.png 1080w\" sizes=\"auto, (max-width: 819px) 100vw, 819px\" \/><\/figure>\n<\/div>\n<\/div>\n","protected":false},"excerpt":{"rendered":"<p>Contactez-moi !<\/p>\n","protected":false},"author":1,"featured_media":0,"parent":0,"menu_order":0,"comment_status":"closed","ping_status":"closed","template":"","meta":{"ngg_post_thumbnail":0,"footnotes":""},"class_list":["post-231","page","type-page","status-publish","hentry"],"_links":{"self":[{"href":"https:\/\/lonellaperonnet.com\/index.php?rest_route=\/wp\/v2\/pages\/231","targetHints":{"allow":["GET"]}}],"collection":[{"href":"https:\/\/lonellaperonnet.com\/index.php?rest_route=\/wp\/v2\/pages"}],"about":[{"href":"https:\/\/lonellaperonnet.com\/index.php?rest_route=\/wp\/v2\/types\/page"}],"author":[{"embeddable":true,"href":"https:\/\/lonellaperonnet.com\/index.php?rest_route=\/wp\/v2\/users\/1"}],"replies":[{"embeddable":true,"href":"https:\/\/lonellaperonnet.com\/index.php?rest_route=%2Fwp%2Fv2%2Fcomments&post=231"}],"version-history":[{"count":9,"href":"https:\/\/lonellaperonnet.com\/index.php?rest_route=\/wp\/v2\/pages\/231\/revisions"}],"predecessor-version":[{"id":253,"href":"https:\/\/lonellaperonnet.com\/index.php?rest_route=\/wp\/v2\/pages\/231\/revisions\/253"}],"wp:attachment":[{"href":"https:\/\/lonellaperonnet.com\/index.php?rest_route=%2Fwp%2Fv2%2Fmedia&parent=231"}],"curies":[{"name":"wp","href":"https:\/\/api.w.org\/{rel}","templated":true}]}}