{"id":66,"date":"2025-08-14T11:58:33","date_gmt":"2025-08-14T11:58:33","guid":{"rendered":"https:\/\/lonellaperonnet.com\/?page_id=66"},"modified":"2026-01-18T15:03:28","modified_gmt":"2026-01-18T15:03:28","slug":"maternite-sous-la-lumiere-des-saisons","status":"publish","type":"page","link":"https:\/\/lonellaperonnet.com\/?page_id=66","title":{"rendered":"Maternit\u00e9"},"content":{"rendered":"\n<div class=\"wp-block-cover\" style=\"padding-top:0;padding-right:0;padding-bottom:0;padding-left:0;min-height:239px;aspect-ratio:unset;\"><img loading=\"lazy\" decoding=\"async\" width=\"1024\" height=\"640\" class=\"wp-block-cover__image-background wp-image-172 size-large\" alt=\"\" src=\"https:\/\/lonellaperonnet.com\/wp-content\/uploads\/2025\/08\/DSC00360-1-1024x640.jpg\" style=\"object-position:46% 88%\" data-object-fit=\"cover\" data-object-position=\"46% 88%\" srcset=\"https:\/\/lonellaperonnet.com\/wp-content\/uploads\/2025\/08\/DSC00360-1-1024x640.jpg 1024w, https:\/\/lonellaperonnet.com\/wp-content\/uploads\/2025\/08\/DSC00360-1-300x188.jpg 300w, https:\/\/lonellaperonnet.com\/wp-content\/uploads\/2025\/08\/DSC00360-1-768x480.jpg 768w, https:\/\/lonellaperonnet.com\/wp-content\/uploads\/2025\/08\/DSC00360-1-1536x960.jpg 1536w, https:\/\/lonellaperonnet.com\/wp-content\/uploads\/2025\/08\/DSC00360-1-2048x1280.jpg 2048w\" sizes=\"auto, (max-width: 1024px) 100vw, 1024px\" \/><span aria-hidden=\"true\" class=\"wp-block-cover__background has-background-dim-30 has-background-dim\" style=\"background-color:#535353\"><\/span><div class=\"wp-block-cover__inner-container is-layout-constrained wp-container-core-cover-is-layout-639b5052 wp-block-cover-is-layout-constrained\">\n<p class=\"has-text-align-center has-background-color has-text-color has-link-color has-cormorant-garamond-font-family has-extra-large-font-size wp-elements-9100a0a2c3d7bdfc793127cb769f107b\"><strong>Maternit\u00e9<\/strong><\/p>\n<\/div><\/div>\n\n\n\n<h1 class=\"wp-block-heading has-nunito-font-family has-regular-font-size\" style=\"letter-spacing:2px\">CHOISISSEZ<\/h1>\n\n\n\n<h1 class=\"wp-block-heading\" style=\"border-style:none;border-width:0px;margin-top:var(--wp--preset--spacing--10);margin-bottom:var(--wp--preset--spacing--10)\"><strong>Votre <\/strong>S\u00e9ance<\/h1>\n\n\n\n<p>La maternit\u00e9 est un pr\u00e9cieux souvenir. De nouveaux liens se cr\u00e9ent, les regards tendres sont port\u00e9s sur un ventre arrondi qui porte votre futur enfant. Ces s\u00e9ances sont pens\u00e9es pour capturer la <strong>douceur des premiers instants<\/strong>, dans un cadre naturel et rassurant. Elles peuvent se vivre <strong>seule, en couple, ou entour\u00e9e de votre famille et m\u00eame de votre animal<\/strong>.<\/p>\n\n\n\n<div class=\"wp-block-columns is-layout-flex wp-container-core-columns-is-layout-28f84493 wp-block-columns-is-layout-flex\">\n<div class=\"wp-block-column is-layout-flow wp-block-column-is-layout-flow\">\n<h2 class=\"wp-block-heading has-text-align-center\">Seule<\/h2>\n\n\n\n<figure class=\"wp-block-image size-large\"><img loading=\"lazy\" decoding=\"async\" width=\"683\" height=\"1024\" src=\"https:\/\/lonellaperonnet.com\/wp-content\/uploads\/2025\/08\/DSC09831-4-683x1024.jpg\" alt=\"\" class=\"wp-image-89\" style=\"aspect-ratio:3\/4;object-fit:cover\" srcset=\"https:\/\/lonellaperonnet.com\/wp-content\/uploads\/2025\/08\/DSC09831-4-683x1024.jpg 683w, https:\/\/lonellaperonnet.com\/wp-content\/uploads\/2025\/08\/DSC09831-4-200x300.jpg 200w, https:\/\/lonellaperonnet.com\/wp-content\/uploads\/2025\/08\/DSC09831-4-768x1152.jpg 768w, https:\/\/lonellaperonnet.com\/wp-content\/uploads\/2025\/08\/DSC09831-4-1024x1536.jpg 1024w, https:\/\/lonellaperonnet.com\/wp-content\/uploads\/2025\/08\/DSC09831-4-1365x2048.jpg 1365w, https:\/\/lonellaperonnet.com\/wp-content\/uploads\/2025\/08\/DSC09831-4-scaled.jpg 1706w\" sizes=\"auto, (max-width: 683px) 100vw, 683px\" \/><\/figure>\n\n\n\n<p class=\"has-text-align-center\">Un moment intime, pour vous, pour raconter votre histoire et vous connecter \u00e0 votre enfant.<\/p>\n<\/div>\n\n\n\n<div class=\"wp-block-column is-layout-flow wp-block-column-is-layout-flow\">\n<h2 class=\"wp-block-heading has-text-align-center\">En couple<\/h2>\n\n\n\n<figure class=\"wp-block-image size-large\"><img loading=\"lazy\" decoding=\"async\" width=\"683\" height=\"1024\" src=\"https:\/\/lonellaperonnet.com\/wp-content\/uploads\/2026\/01\/DSC00590-2-683x1024.jpg\" alt=\"\" class=\"wp-image-457\" style=\"aspect-ratio:3\/4;object-fit:cover\" srcset=\"https:\/\/lonellaperonnet.com\/wp-content\/uploads\/2026\/01\/DSC00590-2-683x1024.jpg 683w, https:\/\/lonellaperonnet.com\/wp-content\/uploads\/2026\/01\/DSC00590-2-200x300.jpg 200w, https:\/\/lonellaperonnet.com\/wp-content\/uploads\/2026\/01\/DSC00590-2-768x1152.jpg 768w, https:\/\/lonellaperonnet.com\/wp-content\/uploads\/2026\/01\/DSC00590-2-1024x1536.jpg 1024w, https:\/\/lonellaperonnet.com\/wp-content\/uploads\/2026\/01\/DSC00590-2-1365x2048.jpg 1365w, https:\/\/lonellaperonnet.com\/wp-content\/uploads\/2026\/01\/DSC00590-2-scaled.jpg 1707w\" sizes=\"auto, (max-width: 683px) 100vw, 683px\" \/><\/figure>\n\n\n\n<p class=\"has-text-align-center\">Un instant de complicit\u00e9 et de tendresse, pour mettre en lumi\u00e8re votre lien \u00e0 tous les trois. <\/p>\n<\/div>\n\n\n\n<div class=\"wp-block-column is-layout-flow wp-block-column-is-layout-flow\">\n<h2 class=\"wp-block-heading has-text-align-center\">En famille<\/h2>\n\n\n\n<figure class=\"wp-block-image size-large\"><img loading=\"lazy\" decoding=\"async\" width=\"683\" height=\"1024\" src=\"http:\/\/lonellaperonnet.com\/wp-content\/uploads\/2026\/01\/DSC00299-2-HDR-683x1024.jpg\" alt=\"\" class=\"wp-image-451\" style=\"aspect-ratio:3\/4;object-fit:cover\" srcset=\"https:\/\/lonellaperonnet.com\/wp-content\/uploads\/2026\/01\/DSC00299-2-HDR-683x1024.jpg 683w, https:\/\/lonellaperonnet.com\/wp-content\/uploads\/2026\/01\/DSC00299-2-HDR-200x300.jpg 200w, https:\/\/lonellaperonnet.com\/wp-content\/uploads\/2026\/01\/DSC00299-2-HDR-768x1152.jpg 768w, https:\/\/lonellaperonnet.com\/wp-content\/uploads\/2026\/01\/DSC00299-2-HDR-1024x1536.jpg 1024w, https:\/\/lonellaperonnet.com\/wp-content\/uploads\/2026\/01\/DSC00299-2-HDR-1365x2048.jpg 1365w, https:\/\/lonellaperonnet.com\/wp-content\/uploads\/2026\/01\/DSC00299-2-HDR-scaled.jpg 1706w\" sizes=\"auto, (max-width: 683px) 100vw, 683px\" \/><\/figure>\n\n\n\n<p class=\"has-text-align-center\">Parce qu&#8217;ils font partis de votre univers, c\u00e9l\u00e9brez et accueillez cette nouvelle vie ensemble.<\/p>\n<\/div>\n<\/div>\n\n\n\n<div style=\"height:25px\" aria-hidden=\"true\" class=\"wp-block-spacer\"><\/div>\n\n\n\n<h1 class=\"wp-block-heading has-nunito-font-family has-regular-font-size\" style=\"letter-spacing:2px\">CHOISISSEZ<\/h1>\n\n\n\n<h1 class=\"wp-block-heading\" style=\"border-style:none;border-width:0px;margin-top:var(--wp--preset--spacing--10);margin-bottom:var(--wp--preset--spacing--10)\"><strong>Votre Formule<\/strong><\/h1>\n\n\n\n<div class=\"wp-block-columns is-layout-flex wp-container-core-columns-is-layout-28f84493 wp-block-columns-is-layout-flex\">\n<div class=\"wp-block-column is-layout-flow wp-block-column-is-layout-flow\">\n<figure class=\"wp-block-image size-large\"><img loading=\"lazy\" decoding=\"async\" width=\"819\" height=\"1024\" src=\"https:\/\/lonellaperonnet.com\/wp-content\/uploads\/2025\/08\/Untitled-1-01-819x1024.png\" alt=\"\" class=\"wp-image-103\" srcset=\"https:\/\/lonellaperonnet.com\/wp-content\/uploads\/2025\/08\/Untitled-1-01-819x1024.png 819w, https:\/\/lonellaperonnet.com\/wp-content\/uploads\/2025\/08\/Untitled-1-01-240x300.png 240w, https:\/\/lonellaperonnet.com\/wp-content\/uploads\/2025\/08\/Untitled-1-01-768x960.png 768w, https:\/\/lonellaperonnet.com\/wp-content\/uploads\/2025\/08\/Untitled-1-01.png 1080w\" sizes=\"auto, (max-width: 819px) 100vw, 819px\" \/><\/figure>\n<\/div>\n\n\n\n<div class=\"wp-block-column is-layout-flow wp-block-column-is-layout-flow\">\n<figure class=\"wp-block-image size-large\"><img loading=\"lazy\" decoding=\"async\" width=\"819\" height=\"1024\" src=\"https:\/\/lonellaperonnet.com\/wp-content\/uploads\/2025\/08\/Untitled-1-02-819x1024.png\" alt=\"\" class=\"wp-image-104\" srcset=\"https:\/\/lonellaperonnet.com\/wp-content\/uploads\/2025\/08\/Untitled-1-02-819x1024.png 819w, https:\/\/lonellaperonnet.com\/wp-content\/uploads\/2025\/08\/Untitled-1-02-240x300.png 240w, https:\/\/lonellaperonnet.com\/wp-content\/uploads\/2025\/08\/Untitled-1-02-768x960.png 768w, https:\/\/lonellaperonnet.com\/wp-content\/uploads\/2025\/08\/Untitled-1-02.png 1080w\" sizes=\"auto, (max-width: 819px) 100vw, 819px\" \/><\/figure>\n<\/div>\n\n\n\n<div class=\"wp-block-column is-layout-flow wp-block-column-is-layout-flow\">\n<figure class=\"wp-block-image size-large\"><img loading=\"lazy\" decoding=\"async\" width=\"819\" height=\"1024\" src=\"https:\/\/lonellaperonnet.com\/wp-content\/uploads\/2025\/08\/Untitled-1-03-1-819x1024.png\" alt=\"\" class=\"wp-image-107\" srcset=\"https:\/\/lonellaperonnet.com\/wp-content\/uploads\/2025\/08\/Untitled-1-03-1-819x1024.png 819w, https:\/\/lonellaperonnet.com\/wp-content\/uploads\/2025\/08\/Untitled-1-03-1-240x300.png 240w, https:\/\/lonellaperonnet.com\/wp-content\/uploads\/2025\/08\/Untitled-1-03-1-768x960.png 768w, https:\/\/lonellaperonnet.com\/wp-content\/uploads\/2025\/08\/Untitled-1-03-1.png 1080w\" sizes=\"auto, (max-width: 819px) 100vw, 819px\" \/><\/figure>\n<\/div>\n<\/div>\n\n\n\n<div class=\"wp-block-buttons is-content-justification-center is-layout-flex wp-container-core-buttons-is-layout-ecbad910 wp-block-buttons-is-layout-flex\" style=\"padding-top:var(--wp--preset--spacing--20);padding-bottom:var(--wp--preset--spacing--20)\">\n<div class=\"wp-block-button\"><a class=\"wp-block-button__link has-text-align-center wp-element-button\" href=\"https:\/\/lonellaperonnet.com\/?page_id=231\">Vous avez \u00e9t\u00e9 conquis.e par l&#8217;une de ces formules ? <br><strong>CLIQUEZ ICI POUR ME CONTACTER<\/strong> <strong>!<\/strong><\/a><\/div>\n<\/div>\n\n\n\n<div class=\"wp-block-media-text is-stacked-on-mobile has-border-box-background-color has-background\"><figure class=\"wp-block-media-text__media\"><img loading=\"lazy\" decoding=\"async\" width=\"1024\" height=\"683\" src=\"https:\/\/lonellaperonnet.com\/wp-content\/uploads\/2026\/01\/DSC03005-1024x683.jpg\" alt=\"\" class=\"wp-image-461 size-full\" srcset=\"https:\/\/lonellaperonnet.com\/wp-content\/uploads\/2026\/01\/DSC03005-1024x683.jpg 1024w, https:\/\/lonellaperonnet.com\/wp-content\/uploads\/2026\/01\/DSC03005-300x200.jpg 300w, https:\/\/lonellaperonnet.com\/wp-content\/uploads\/2026\/01\/DSC03005-768x512.jpg 768w, https:\/\/lonellaperonnet.com\/wp-content\/uploads\/2026\/01\/DSC03005-1536x1024.jpg 1536w, https:\/\/lonellaperonnet.com\/wp-content\/uploads\/2026\/01\/DSC03005-2048x1365.jpg 2048w\" sizes=\"auto, (max-width: 1024px) 100vw, 1024px\" \/><\/figure><div class=\"wp-block-media-text__content\">\n<p>Vous souhaitez \u00eatre accompagn\u00e9e apr\u00e8s votre grossesse ?<\/p>\n\n\n\n<ul class=\"wp-block-list\">\n<li>Naissance<\/li>\n\n\n\n<li>Rencontre de votre nouveau-n\u00e9 avec votre famille<\/li>\n\n\n\n<li>\u00c9v\u00e9nement important : premier anniversaire, bapt\u00eame&#8230;<\/li>\n<\/ul>\n\n\n\n<div style=\"height:33px\" aria-hidden=\"true\" class=\"wp-block-spacer\"><\/div>\n\n\n\n<div class=\"wp-block-buttons is-content-justification-center is-layout-flex wp-container-core-buttons-is-layout-a89b3969 wp-block-buttons-is-layout-flex\">\n<div class=\"wp-block-button\"><a class=\"wp-block-button__link has-text-align-center wp-element-button\" href=\"https:\/\/lonellaperonnet.com\/?page_id=231\"><strong>CLIQUEZ ICI POUR UN DEVIS PERSONNALIS\u00c9<\/strong><\/a><\/div>\n<\/div>\n<\/div><\/div>\n\n\n\n<p class=\"has-text-align-left\">Chaque s\u00e9ance est bien plus qu\u2019un simple rendez-vous photo : c\u2019est un moment construit avec vous, \u00e0 votre image.<br><br>Avant la prise de vue, je prends le temps de :<\/p>\n\n\n\n<ul class=\"wp-block-list\">\n<li>Cr\u00e9er un <strong>journal d\u2019inspiration<\/strong>, afin de d\u00e9finir ensemble l\u2019univers, l\u2019ambiance, les tenues et les poses que vous souhaitez retrouver dans vos images.<\/li>\n\n\n\n<li>Valider les<strong> lieux<\/strong> de la s\u00e9ance, pour qu\u2019ils correspondent \u00e0 vos envies et qu&#8217;ils aient une r\u00e9elle signification pour vous. Je privil\u00e9gie des s\u00e9ances <strong>en ext\u00e9rieur<\/strong> pour profiter pleinement de la lumi\u00e8re naturelle.<\/li>\n<\/ul>\n\n\n\n<p class=\"has-text-align-left\">Bas\u00e9e en <strong>Franche-Comt\u00e9<\/strong>, je me d\u00e9place \u00e9galement en <strong>Suisse<\/strong> et dans les r\u00e9gions voisines, avec un l\u00e9ger suppl\u00e9ment pour couvrir le trajet. Je reste ouverte pour des pays voisins, il faudra cependant s&#8217;entretenir ensemble et cr\u00e9er un devis personnalis\u00e9. <\/p>\n","protected":false},"excerpt":{"rendered":"<p>CHOISISSEZ Votre S\u00e9ance La maternit\u00e9 est un pr\u00e9cieux souvenir. De nouveaux liens se cr\u00e9ent, les [&hellip;]<\/p>\n","protected":false},"author":1,"featured_media":0,"parent":43,"menu_order":0,"comment_status":"closed","ping_status":"closed","template":"","meta":{"ngg_post_thumbnail":0,"footnotes":""},"class_list":["post-66","page","type-page","status-publish","hentry"],"_links":{"self":[{"href":"https:\/\/lonellaperonnet.com\/index.php?rest_route=\/wp\/v2\/pages\/66","targetHints":{"allow":["GET"]}}],"collection":[{"href":"https:\/\/lonellaperonnet.com\/index.php?rest_route=\/wp\/v2\/pages"}],"about":[{"href":"https:\/\/lonellaperonnet.com\/index.php?rest_route=\/wp\/v2\/types\/page"}],"author":[{"embeddable":true,"href":"https:\/\/lonellaperonnet.com\/index.php?rest_route=\/wp\/v2\/users\/1"}],"replies":[{"embeddable":true,"href":"https:\/\/lonellaperonnet.com\/index.php?rest_route=%2Fwp%2Fv2%2Fcomments&post=66"}],"version-history":[{"count":36,"href":"https:\/\/lonellaperonnet.com\/index.php?rest_route=\/wp\/v2\/pages\/66\/revisions"}],"predecessor-version":[{"id":465,"href":"https:\/\/lonellaperonnet.com\/index.php?rest_route=\/wp\/v2\/pages\/66\/revisions\/465"}],"up":[{"embeddable":true,"href":"https:\/\/lonellaperonnet.com\/index.php?rest_route=\/wp\/v2\/pages\/43"}],"wp:attachment":[{"href":"https:\/\/lonellaperonnet.com\/index.php?rest_route=%2Fwp%2Fv2%2Fmedia&parent=66"}],"curies":[{"name":"wp","href":"https:\/\/api.w.org\/{rel}","templated":true}]}}